{"id":5653,"date":"2022-12-23T12:49:56","date_gmt":"2022-12-23T12:49:56","guid":{"rendered":"https:\/\/utexbel.com\/sustainability\/vision-and-objectives\/"},"modified":"2023-08-30T14:55:46","modified_gmt":"2023-08-30T14:55:46","slug":"visione-e-obiettivi","status":"publish","type":"page","link":"https:\/\/utexbel.com\/it\/sustainability\/visione-e-obiettivi\/","title":{"rendered":"Visione e obiettivi"},"content":{"rendered":"<h3><strong>Persone-Pianeta-Processo-Progresso-Prodotto-Passione<\/strong><\/h3>\n<p>La sostenibilit\u00e0 in Utexbel si basa sulle nostre 6 P.<\/p>\n<p>\u00c8 il nostro modo di rispondere e di adattarci a un mondo che \u00e8 in constante cambiamento. \u00a0Si tratta di collegare i nostri prodotti e l&#8217;utente finale attraverso tre impegni: Concentrarsi sulle persone, seguire la nostra passione per la produzione locale, preservare il nostro pianeta e mantenere, migliorare e potenziare le prestazioni dei nostri prodotti attraverso un monitoraggio costante e scrupoloso di processi aggiornati.<\/p>\n<h3><strong>I nostri impegni<\/strong><\/h3>\n<p>Utexbel \u00e8 una impresa familiare europea verticalizzata ed integrata, si prende cura del suo personale, acquista in modo corretto, produce in Europa e la sostenibilit\u00e0 \u00e8 profondamente radicata nel suo DNA oltre ad impegnarsi a ridurre ulteriormente l\u2019impatto ambientale.<\/p>\n<p>Utexbel si \u00e8 sempre impegnata a mantenere la produzione tessile in Europa e ha lottato affinch\u00e9 tutte le persone coinvolte potessero essere orgogliose del proprio lavoro. Ha sempre cercato di creare un luogo di lavoro in cui tutti vengano trattati con rispetto, vengano autorizzati a contribuire su un piano di parit\u00e0 e in cui la diversit\u00e0 sia considerata un punto di forza. Un luogo di lavoro in cui la sicurezza ed il benessere del lavoratore \u00e8 al primo posto. Un luogo di lavoro in cui ognuno, attraverso la formazione e l&#8217;apprendimento continuo, possa migliorare la qualit\u00e0 e la competenza del proprio lavoro, introducendo una mentorship per accogliere e formare i nuovi arrivati.<\/p>\n<h4>Circolarit\u00e0<\/h4>\n<p>Utexbel \u00e8 leader nello sviluppo di prodotti circolari basati su filati ottenuti da fibre riciclate. Negli ultimi anni, Utexbel \u00e8 stata partner di progetti di ricerca europei come &#8220;Retex&#8221;: https:\/\/www.dotheretex.eu\/fr\/ o Textended https:\/\/textended.eu.<\/p>\n<p>Utexbel ha sviluppato una rete di aziende attive nell&#8217;industria del riciclo che ci permette di proporre ai nostri clienti la possibilit\u00e0 di trattare e gestire i loro rifiuti pre- e\/o post-consumo. Come azienda verticalmente integrata, Utexbel ha le conoscenze e l&#8217;esperienza per filare nuovi filati innovativi con le fibre riciclate prodotte dai nostri partner e creare tessuti con cui i nostri clienti possono produrre nuovi materiali, chiudendo di fatto il cerchio. Il progetto Dr Green, attivo dal 2018, \u00e8 un esempio di questa collaborazione, che permette agli ospedali di essere circolari nella gestione dell&#8217;abbigliamento medico da lavoro, trasformando le loro uniformi a fine vita in fibre riciclate, filati, tessuti e infine nuove uniformi.<\/p>\n<h4>Tracciabilit\u00e0 e trasparenza<\/h4>\n<p>Utexbel ha sempre promosso la tracciabilit\u00e0 nell&#8217;industria tessile come strumento fondamentale per garantire sicurezza e qualit\u00e0 all&#8217;utente finale. In qualit\u00e0 di filatore, tessitore, tintore e finitore integrato, Utexbel controlla l&#8217;intero processo produttivo.\u00a0 Utexbel ha costruito partnership solide e durature con i migliori fornitori di materie prime e valuta i propri fornitori e subappaltatori in base alle loro politiche etiche e sociali. Utexbel \u00e8 in grado di garantire una perfetta tracciabilit\u00e0 di tutti i prodotti.<\/p>\n<h4>L&#8217;ambiente<\/h4>\n<p>Le risorse naturali sono scarse e richiedono una gestione attenta e ponderata. Utexbel fa parte di diversi progetti che contribuiscono sia alla riduzione delle emissioni, come EBO nelle Fiandre e &#8220;Accords de branche&#8221; in Vallonia, che al risparmio di acqua ed energia, introducendo sul mercato nuovi prodotti concepiti in un&#8217;ottica di eco-design. Utexbel sta investendo in nuove macchine di produzione che ci permettono di ridurre il consumo di energia e di acqua e di agevolare \u00a0contemporaneamente l&#8217;uso di fonti di energia rinnovabile in tutta la catena di fornitura. L&#8217;impatto sulle acque reflue \u00e8 sempre stato uno degli elementi chiave della produzione tessile. \u00a0Utexbel ha gi\u00e0 implementato diverse soluzioni puntando a ridurre l&#8217;impatto sulle acque reflue ed \u00e8 all&#8217;inizio di una campagna di investimenti che ci permetter\u00e0 di raggiungere in futuro lo status di zero rifiuti. Utexbel fa anche parte dell&#8217;iniziativa Detox to Zero, sostenuta da Oeko-tex, puntando a ridurre l&#8217;impatto dell&#8217;uso di sostanze chimiche nell&#8217;industria tessile. Utexbel, in collaborazione con i suoi partner chimici, \u00e8 attivamente coinvolta nella ricerca permanente di sostanze chimiche innocue e nello sviluppo di nuovi articoli che necessitano di meno sostanze chimiche per ottenere le funzionalit\u00e0 richieste, ad esempio utilizzando una speciale miscela di fibre funzionali.<\/p>\n<h4>Ecoconcezione<\/h4>\n<p>La nostra esperienza in materia di circolarit\u00e0 e sostenibilit\u00e0 ci ha insegnato quanto sia cruciale l&#8217;eco-concezione di ogni prodotto. Ogni nuovo sviluppo viene progettato seguendo la Ruota LIDS, uno strumento di eco-design aiutando il nostro reparto di ricerca e sviluppo a focalizzarsi su un prodotto pi\u00f9 sostenibile, ma anche a prendere decisioni per l&#8217;ottimizzazione del flusso dei materiali, della logistica, del miglioramento della manutenzione delle macchine e degli investimenti. Utexbel incoraggia i suoi clienti a pensare al trattamento di fine vita dei loro prodotti in termini di separazione, valore dei materiali e riciclaggio.<\/p>\n<p>Rispettando rigorosamente le regole europee vincolate alla produzione locale, si minimizza l\u2019impronta ecologica e si rende pi\u00f9 robusta la catena di approvvigionamento.\u00a0 Utexbel \u00e8 convinta che prosperit\u00e0 ed ecologia possono andare a braccetto&#8230;.<\/p>\n","protected":false},"excerpt":{"rendered":"<p>Persone-Pianeta-Processo-Progresso-Prodotto-Passione La sostenibilit\u00e0 in Utexbel si basa sulle nostre 6 P. \u00c8 il nostro modo di rispondere e di adattarci a un mondo che \u00e8 in constante cambiamento. \u00a0Si tratta di collegare i nostri prodotti e l&#8217;utente finale attraverso tre impegni: Concentrarsi sulle persone, seguire la nostra passione per la produzione locale, preservare il nostro [&hellip;]<\/p>\n","protected":false},"author":5,"featured_media":0,"parent":5493,"menu_order":0,"comment_status":"closed","ping_status":"closed","template":"","meta":{"_acf_changed":false,"footnotes":""},"class_list":["post-5653","page","type-page","status-publish","hentry"],"acf":[],"yoast_head":"<!-- This site is optimized with the Yoast SEO plugin v25.6 - https:\/\/yoast.com\/wordpress\/plugins\/seo\/ -->\n<title>Visione e obiettivi - Utexbel<\/title>\n<meta name=\"robots\" content=\"index, follow, max-snippet:-1, max-image-preview:large, max-video-preview:-1\" \/>\n<link rel=\"canonical\" href=\"https:\/\/utexbel.com\/it\/sustainability\/visione-e-obiettivi\/\" \/>\n<meta property=\"og:locale\" content=\"it_IT\" \/>\n<meta property=\"og:type\" content=\"article\" \/>\n<meta property=\"og:title\" content=\"Visione e obiettivi - Utexbel\" \/>\n<meta property=\"og:description\" content=\"Persone-Pianeta-Processo-Progresso-Prodotto-Passione La sostenibilit\u00e0 in Utexbel si basa sulle nostre 6 P. \u00c8 il nostro modo di rispondere e di adattarci a un mondo che \u00e8 in constante cambiamento. \u00a0Si tratta di collegare i nostri prodotti e l&#8217;utente finale attraverso tre impegni: Concentrarsi sulle persone, seguire la nostra passione per la produzione locale, preservare il nostro [&hellip;]\" \/>\n<meta property=\"og:url\" content=\"https:\/\/utexbel.com\/it\/sustainability\/visione-e-obiettivi\/\" \/>\n<meta property=\"og:site_name\" content=\"Utexbel\" \/>\n<meta property=\"article:modified_time\" content=\"2023-08-30T14:55:46+00:00\" \/>\n<meta name=\"twitter:card\" content=\"summary_large_image\" \/>\n<meta name=\"twitter:label1\" content=\"Tempo di lettura stimato\" \/>\n\t<meta name=\"twitter:data1\" content=\"4 minuti\" \/>\n<script type=\"application\/ld+json\" class=\"yoast-schema-graph\">{\"@context\":\"https:\/\/schema.org\",\"@graph\":[{\"@type\":\"WebPage\",\"@id\":\"https:\/\/utexbel.com\/it\/sustainability\/visione-e-obiettivi\/\",\"url\":\"https:\/\/utexbel.com\/it\/sustainability\/visione-e-obiettivi\/\",\"name\":\"Visione e obiettivi - Utexbel\",\"isPartOf\":{\"@id\":\"https:\/\/utexbel.com\/#website\"},\"datePublished\":\"2022-12-23T12:49:56+00:00\",\"dateModified\":\"2023-08-30T14:55:46+00:00\",\"breadcrumb\":{\"@id\":\"https:\/\/utexbel.com\/it\/sustainability\/visione-e-obiettivi\/#breadcrumb\"},\"inLanguage\":\"it-IT\",\"potentialAction\":[{\"@type\":\"ReadAction\",\"target\":[\"https:\/\/utexbel.com\/it\/sustainability\/visione-e-obiettivi\/\"]}]},{\"@type\":\"BreadcrumbList\",\"@id\":\"https:\/\/utexbel.com\/it\/sustainability\/visione-e-obiettivi\/#breadcrumb\",\"itemListElement\":[{\"@type\":\"ListItem\",\"position\":1,\"name\":\"Home\",\"item\":\"https:\/\/utexbel.com\/it\/\"},{\"@type\":\"ListItem\",\"position\":2,\"name\":\"Sostenibilit\u00e0\",\"item\":\"https:\/\/utexbel.com\/it\/sustainability\/\"},{\"@type\":\"ListItem\",\"position\":3,\"name\":\"Visione e obiettivi\"}]},{\"@type\":\"WebSite\",\"@id\":\"https:\/\/utexbel.com\/#website\",\"url\":\"https:\/\/utexbel.com\/\",\"name\":\"Utexbel\",\"description\":\"\",\"potentialAction\":[{\"@type\":\"SearchAction\",\"target\":{\"@type\":\"EntryPoint\",\"urlTemplate\":\"https:\/\/utexbel.com\/?s={search_term_string}\"},\"query-input\":{\"@type\":\"PropertyValueSpecification\",\"valueRequired\":true,\"valueName\":\"search_term_string\"}}],\"inLanguage\":\"it-IT\"}]}<\/script>\n<!-- \/ Yoast SEO plugin. -->","yoast_head_json":{"title":"Visione e obiettivi - Utexbel","robots":{"index":"index","follow":"follow","max-snippet":"max-snippet:-1","max-image-preview":"max-image-preview:large","max-video-preview":"max-video-preview:-1"},"canonical":"https:\/\/utexbel.com\/it\/sustainability\/visione-e-obiettivi\/","og_locale":"it_IT","og_type":"article","og_title":"Visione e obiettivi - Utexbel","og_description":"Persone-Pianeta-Processo-Progresso-Prodotto-Passione La sostenibilit\u00e0 in Utexbel si basa sulle nostre 6 P. \u00c8 il nostro modo di rispondere e di adattarci a un mondo che \u00e8 in constante cambiamento. \u00a0Si tratta di collegare i nostri prodotti e l&#8217;utente finale attraverso tre impegni: Concentrarsi sulle persone, seguire la nostra passione per la produzione locale, preservare il nostro [&hellip;]","og_url":"https:\/\/utexbel.com\/it\/sustainability\/visione-e-obiettivi\/","og_site_name":"Utexbel","article_modified_time":"2023-08-30T14:55:46+00:00","twitter_card":"summary_large_image","twitter_misc":{"Tempo di lettura stimato":"4 minuti"},"schema":{"@context":"https:\/\/schema.org","@graph":[{"@type":"WebPage","@id":"https:\/\/utexbel.com\/it\/sustainability\/visione-e-obiettivi\/","url":"https:\/\/utexbel.com\/it\/sustainability\/visione-e-obiettivi\/","name":"Visione e obiettivi - Utexbel","isPartOf":{"@id":"https:\/\/utexbel.com\/#website"},"datePublished":"2022-12-23T12:49:56+00:00","dateModified":"2023-08-30T14:55:46+00:00","breadcrumb":{"@id":"https:\/\/utexbel.com\/it\/sustainability\/visione-e-obiettivi\/#breadcrumb"},"inLanguage":"it-IT","potentialAction":[{"@type":"ReadAction","target":["https:\/\/utexbel.com\/it\/sustainability\/visione-e-obiettivi\/"]}]},{"@type":"BreadcrumbList","@id":"https:\/\/utexbel.com\/it\/sustainability\/visione-e-obiettivi\/#breadcrumb","itemListElement":[{"@type":"ListItem","position":1,"name":"Home","item":"https:\/\/utexbel.com\/it\/"},{"@type":"ListItem","position":2,"name":"Sostenibilit\u00e0","item":"https:\/\/utexbel.com\/it\/sustainability\/"},{"@type":"ListItem","position":3,"name":"Visione e obiettivi"}]},{"@type":"WebSite","@id":"https:\/\/utexbel.com\/#website","url":"https:\/\/utexbel.com\/","name":"Utexbel","description":"","potentialAction":[{"@type":"SearchAction","target":{"@type":"EntryPoint","urlTemplate":"https:\/\/utexbel.com\/?s={search_term_string}"},"query-input":{"@type":"PropertyValueSpecification","valueRequired":true,"valueName":"search_term_string"}}],"inLanguage":"it-IT"}]}},"_links":{"self":[{"href":"https:\/\/utexbel.com\/it\/wp-json\/wp\/v2\/pages\/5653"}],"collection":[{"href":"https:\/\/utexbel.com\/it\/wp-json\/wp\/v2\/pages"}],"about":[{"href":"https:\/\/utexbel.com\/it\/wp-json\/wp\/v2\/types\/page"}],"author":[{"embeddable":true,"href":"https:\/\/utexbel.com\/it\/wp-json\/wp\/v2\/users\/5"}],"replies":[{"embeddable":true,"href":"https:\/\/utexbel.com\/it\/wp-json\/wp\/v2\/comments?post=5653"}],"version-history":[{"count":5,"href":"https:\/\/utexbel.com\/it\/wp-json\/wp\/v2\/pages\/5653\/revisions"}],"predecessor-version":[{"id":8368,"href":"https:\/\/utexbel.com\/it\/wp-json\/wp\/v2\/pages\/5653\/revisions\/8368"}],"up":[{"embeddable":true,"href":"https:\/\/utexbel.com\/it\/wp-json\/wp\/v2\/pages\/5493"}],"wp:attachment":[{"href":"https:\/\/utexbel.com\/it\/wp-json\/wp\/v2\/media?parent=5653"}],"curies":[{"name":"wp","href":"https:\/\/api.w.org\/{rel}","templated":true}]}}