{"id":5493,"date":"2022-12-08T09:38:15","date_gmt":"2022-12-08T09:38:15","guid":{"rendered":"https:\/\/utexbel.com\/sustainability\/"},"modified":"2023-08-30T15:09:30","modified_gmt":"2023-08-30T15:09:30","slug":"sustainability","status":"publish","type":"page","link":"https:\/\/utexbel.com\/it\/sustainability\/","title":{"rendered":"Sostenibilit\u00e0"},"content":{"rendered":"<p>Dalla sua fondazione nel 1929, Utexbel sviluppa e commercializza filati e tessuti con elevate esigenze funzionali, evidenziando il rispetto per l\u2019ambiente, il benessere dei lavoratori e che contribuiscono alla sicurezza, alla protezione, alla salute e al comfort dell&#8217;utente finale.<\/p>\n<p>Il nostro impegno nei confronti delle persone e del pianeta in cui vivono fa parte del nostro DNA e ci guider\u00e0 costantemente nei prossimi anni. Sar\u00e0 il filo rosso che guider\u00e0 il nostro sviluppo e ci guider\u00e0 nella nostra missione di arricchire la vita dei nostri dipendenti e degli altri soggetti interessati.<\/p>\n","protected":false},"excerpt":{"rendered":"<p>Dalla sua fondazione nel 1929, Utexbel sviluppa e commercializza filati e tessuti con elevate esigenze funzionali, evidenziando il rispetto per l\u2019ambiente, il benessere dei lavoratori e che contribuiscono alla sicurezza, alla protezione, alla salute e al comfort dell&#8217;utente finale. Il nostro impegno nei confronti delle persone e del pianeta in cui vivono fa parte del [&hellip;]<\/p>\n","protected":false},"author":5,"featured_media":0,"parent":0,"menu_order":4,"comment_status":"closed","ping_status":"closed","template":"","meta":{"_acf_changed":false,"footnotes":""},"class_list":["post-5493","page","type-page","status-publish","hentry"],"acf":[],"yoast_head":"<!-- This site is optimized with the Yoast SEO plugin v25.6 - https:\/\/yoast.com\/wordpress\/plugins\/seo\/ -->\n<title>Sostenibilit\u00e0 - Utexbel<\/title>\n<meta name=\"robots\" content=\"index, follow, max-snippet:-1, max-image-preview:large, max-video-preview:-1\" \/>\n<link rel=\"canonical\" href=\"https:\/\/utexbel.com\/it\/sustainability\/\" \/>\n<meta property=\"og:locale\" content=\"it_IT\" \/>\n<meta property=\"og:type\" content=\"article\" \/>\n<meta property=\"og:title\" content=\"Sostenibilit\u00e0 - Utexbel\" \/>\n<meta property=\"og:description\" content=\"Dalla sua fondazione nel 1929, Utexbel sviluppa e commercializza filati e tessuti con elevate esigenze funzionali, evidenziando il rispetto per l\u2019ambiente, il benessere dei lavoratori e che contribuiscono alla sicurezza, alla protezione, alla salute e al comfort dell&#8217;utente finale. Il nostro impegno nei confronti delle persone e del pianeta in cui vivono fa parte del [&hellip;]\" \/>\n<meta property=\"og:url\" content=\"https:\/\/utexbel.com\/it\/sustainability\/\" \/>\n<meta property=\"og:site_name\" content=\"Utexbel\" \/>\n<meta property=\"article:modified_time\" content=\"2023-08-30T15:09:30+00:00\" \/>\n<meta name=\"twitter:card\" content=\"summary_large_image\" \/>\n<meta name=\"twitter:label1\" content=\"Tempo di lettura stimato\" \/>\n\t<meta name=\"twitter:data1\" content=\"1 minuto\" \/>\n<script type=\"application\/ld+json\" class=\"yoast-schema-graph\">{\"@context\":\"https:\/\/schema.org\",\"@graph\":[{\"@type\":\"WebPage\",\"@id\":\"https:\/\/utexbel.com\/it\/sustainability\/\",\"url\":\"https:\/\/utexbel.com\/it\/sustainability\/\",\"name\":\"Sostenibilit\u00e0 - Utexbel\",\"isPartOf\":{\"@id\":\"https:\/\/utexbel.com\/#website\"},\"datePublished\":\"2022-12-08T09:38:15+00:00\",\"dateModified\":\"2023-08-30T15:09:30+00:00\",\"breadcrumb\":{\"@id\":\"https:\/\/utexbel.com\/it\/sustainability\/#breadcrumb\"},\"inLanguage\":\"it-IT\",\"potentialAction\":[{\"@type\":\"ReadAction\",\"target\":[\"https:\/\/utexbel.com\/it\/sustainability\/\"]}]},{\"@type\":\"BreadcrumbList\",\"@id\":\"https:\/\/utexbel.com\/it\/sustainability\/#breadcrumb\",\"itemListElement\":[{\"@type\":\"ListItem\",\"position\":1,\"name\":\"Home\",\"item\":\"https:\/\/utexbel.com\/it\/\"},{\"@type\":\"ListItem\",\"position\":2,\"name\":\"Sostenibilit\u00e0\"}]},{\"@type\":\"WebSite\",\"@id\":\"https:\/\/utexbel.com\/#website\",\"url\":\"https:\/\/utexbel.com\/\",\"name\":\"Utexbel\",\"description\":\"\",\"potentialAction\":[{\"@type\":\"SearchAction\",\"target\":{\"@type\":\"EntryPoint\",\"urlTemplate\":\"https:\/\/utexbel.com\/?s={search_term_string}\"},\"query-input\":{\"@type\":\"PropertyValueSpecification\",\"valueRequired\":true,\"valueName\":\"search_term_string\"}}],\"inLanguage\":\"it-IT\"}]}<\/script>\n<!-- \/ Yoast SEO plugin. -->","yoast_head_json":{"title":"Sostenibilit\u00e0 - Utexbel","robots":{"index":"index","follow":"follow","max-snippet":"max-snippet:-1","max-image-preview":"max-image-preview:large","max-video-preview":"max-video-preview:-1"},"canonical":"https:\/\/utexbel.com\/it\/sustainability\/","og_locale":"it_IT","og_type":"article","og_title":"Sostenibilit\u00e0 - Utexbel","og_description":"Dalla sua fondazione nel 1929, Utexbel sviluppa e commercializza filati e tessuti con elevate esigenze funzionali, evidenziando il rispetto per l\u2019ambiente, il benessere dei lavoratori e che contribuiscono alla sicurezza, alla protezione, alla salute e al comfort dell&#8217;utente finale. Il nostro impegno nei confronti delle persone e del pianeta in cui vivono fa parte del [&hellip;]","og_url":"https:\/\/utexbel.com\/it\/sustainability\/","og_site_name":"Utexbel","article_modified_time":"2023-08-30T15:09:30+00:00","twitter_card":"summary_large_image","twitter_misc":{"Tempo di lettura stimato":"1 minuto"},"schema":{"@context":"https:\/\/schema.org","@graph":[{"@type":"WebPage","@id":"https:\/\/utexbel.com\/it\/sustainability\/","url":"https:\/\/utexbel.com\/it\/sustainability\/","name":"Sostenibilit\u00e0 - Utexbel","isPartOf":{"@id":"https:\/\/utexbel.com\/#website"},"datePublished":"2022-12-08T09:38:15+00:00","dateModified":"2023-08-30T15:09:30+00:00","breadcrumb":{"@id":"https:\/\/utexbel.com\/it\/sustainability\/#breadcrumb"},"inLanguage":"it-IT","potentialAction":[{"@type":"ReadAction","target":["https:\/\/utexbel.com\/it\/sustainability\/"]}]},{"@type":"BreadcrumbList","@id":"https:\/\/utexbel.com\/it\/sustainability\/#breadcrumb","itemListElement":[{"@type":"ListItem","position":1,"name":"Home","item":"https:\/\/utexbel.com\/it\/"},{"@type":"ListItem","position":2,"name":"Sostenibilit\u00e0"}]},{"@type":"WebSite","@id":"https:\/\/utexbel.com\/#website","url":"https:\/\/utexbel.com\/","name":"Utexbel","description":"","potentialAction":[{"@type":"SearchAction","target":{"@type":"EntryPoint","urlTemplate":"https:\/\/utexbel.com\/?s={search_term_string}"},"query-input":{"@type":"PropertyValueSpecification","valueRequired":true,"valueName":"search_term_string"}}],"inLanguage":"it-IT"}]}},"_links":{"self":[{"href":"https:\/\/utexbel.com\/it\/wp-json\/wp\/v2\/pages\/5493"}],"collection":[{"href":"https:\/\/utexbel.com\/it\/wp-json\/wp\/v2\/pages"}],"about":[{"href":"https:\/\/utexbel.com\/it\/wp-json\/wp\/v2\/types\/page"}],"author":[{"embeddable":true,"href":"https:\/\/utexbel.com\/it\/wp-json\/wp\/v2\/users\/5"}],"replies":[{"embeddable":true,"href":"https:\/\/utexbel.com\/it\/wp-json\/wp\/v2\/comments?post=5493"}],"version-history":[{"count":4,"href":"https:\/\/utexbel.com\/it\/wp-json\/wp\/v2\/pages\/5493\/revisions"}],"predecessor-version":[{"id":8376,"href":"https:\/\/utexbel.com\/it\/wp-json\/wp\/v2\/pages\/5493\/revisions\/8376"}],"wp:attachment":[{"href":"https:\/\/utexbel.com\/it\/wp-json\/wp\/v2\/media?parent=5493"}],"curies":[{"name":"wp","href":"https:\/\/api.w.org\/{rel}","templated":true}]}}