{"id":1066,"date":"2018-04-17T09:36:07","date_gmt":"2018-04-17T09:36:07","guid":{"rendered":"https:\/\/utexbel.com\/professionele-en-beschermende-kleding\/"},"modified":"2023-03-15T10:57:12","modified_gmt":"2023-03-15T10:57:12","slug":"utexbel-ed-appalti-pubblici","status":"publish","type":"page","link":"https:\/\/utexbel.com\/it\/producten\/utexbel-ed-appalti-pubblici\/","title":{"rendered":"Appalti pubblici"},"content":{"rendered":"<p><img loading=\"lazy\" decoding=\"async\" class=\"size-medium wp-image-5078 aligncenter\" src=\"https:\/\/utexbel.com\/wp-content\/uploads\/2022\/11\/corporate-en-workwear-300x276.jpg\" alt=\"\" width=\"300\" height=\"276\" srcset=\"https:\/\/utexbel.com\/wp-content\/uploads\/2022\/11\/corporate-en-workwear-300x276.jpg 300w, https:\/\/utexbel.com\/wp-content\/uploads\/2022\/11\/corporate-en-workwear-768x708.jpg 768w, https:\/\/utexbel.com\/wp-content\/uploads\/2022\/11\/corporate-en-workwear.jpg 800w\" sizes=\"(max-width: 300px) 100vw, 300px\" \/><\/p>\n<p>Gi\u00e0 da decenni, Utexbel \u00e8 stata specialista nel mercato degli appalti pubblici, collaborando sia con le autorit\u00e0 che le sartorie.<\/p>\n<p>I mercati sono<\/p>\n<ul>\n<li>Difesa:<br \/>\nOffriamo soluzioni di gamma media ed alta per tutti i tipi di progetti militari che vanno da tenuta da combattimento, tuta da volo e carristi a tessuti CBRN, teloni per tende.\u00a0 Colori infrarossi, antistatico, anti insetto, asciugatura rapida, antibatterico, elasticizzato, anti-putrefazione, tutti quelli sono possibili.<\/li>\n<li>Polizia:<br \/>\nProduciamo tessuti per tuta quotidiana, camicie e pantaloni elasticizzati o non elasticizzati, con la solidit\u00e0 al lavaggio pi\u00f9 elevata tecnicamente possibile, assicurando vestiti di lunga durata anche quando vengono lavati molto spesso.<br \/>\nNonch\u00e9 tuta antifiamma, antisommossa con protezione molotov incorporata.<\/li>\n<\/ul>\n<p>&nbsp;<\/p>\n<p><img loading=\"lazy\" decoding=\"async\" class=\"size-medium wp-image-6883 aligncenter\" src=\"https:\/\/utexbel.com\/wp-content\/uploads\/2023\/03\/AdobeStock_327280088-Italian-Soldier-300x200.jpeg\" alt=\"\" width=\"300\" height=\"200\" srcset=\"https:\/\/utexbel.com\/wp-content\/uploads\/2023\/03\/AdobeStock_327280088-Italian-Soldier-300x200.jpeg 300w, https:\/\/utexbel.com\/wp-content\/uploads\/2023\/03\/AdobeStock_327280088-Italian-Soldier-1024x683.jpeg 1024w, https:\/\/utexbel.com\/wp-content\/uploads\/2023\/03\/AdobeStock_327280088-Italian-Soldier-768x512.jpeg 768w, https:\/\/utexbel.com\/wp-content\/uploads\/2023\/03\/AdobeStock_327280088-Italian-Soldier-1536x1024.jpeg 1536w, https:\/\/utexbel.com\/wp-content\/uploads\/2023\/03\/AdobeStock_327280088-Italian-Soldier-2048x1365.jpeg 2048w, https:\/\/utexbel.com\/wp-content\/uploads\/2023\/03\/AdobeStock_327280088-Italian-Soldier-600x400.jpeg 600w\" sizes=\"(max-width: 300px) 100vw, 300px\" \/><\/p>\n<ul>\n<li>Altri: ferrovie, dogana, giustizia, trasporto pubblico, grandi complessi industriali<\/li>\n<\/ul>\n","protected":false},"excerpt":{"rendered":"<p>Gi\u00e0 da decenni, Utexbel \u00e8 stata specialista nel mercato degli appalti pubblici, collaborando sia con le autorit\u00e0 che le sartorie. I mercati sono Difesa: Offriamo soluzioni di gamma media ed alta per tutti i tipi di progetti militari che vanno da tenuta da combattimento, tuta da volo e carristi a tessuti CBRN, teloni per tende.\u00a0 [&hellip;]<\/p>\n","protected":false},"author":5,"featured_media":0,"parent":1080,"menu_order":6,"comment_status":"closed","ping_status":"closed","template":"","meta":{"_acf_changed":false,"footnotes":""},"class_list":["post-1066","page","type-page","status-publish","hentry"],"acf":[],"yoast_head":"<!-- This site is optimized with the Yoast SEO plugin v25.6 - https:\/\/yoast.com\/wordpress\/plugins\/seo\/ -->\n<title>Appalti pubblici - Utexbel<\/title>\n<meta name=\"description\" content=\"Gi\u00e0 da decenni, Utexbel \u00e8 stata specialista nel mercato degli appalti pubblici, collaborando sia con le autorit\u00e0 che le sartorie.\" \/>\n<meta name=\"robots\" content=\"index, follow, max-snippet:-1, max-image-preview:large, max-video-preview:-1\" \/>\n<link rel=\"canonical\" href=\"https:\/\/utexbel.com\/it\/producten\/utexbel-ed-appalti-pubblici\/\" \/>\n<meta property=\"og:locale\" content=\"it_IT\" \/>\n<meta property=\"og:type\" content=\"article\" \/>\n<meta property=\"og:title\" content=\"Appalti pubblici - Utexbel\" \/>\n<meta property=\"og:description\" content=\"Gi\u00e0 da decenni, Utexbel \u00e8 stata specialista nel mercato degli appalti pubblici, collaborando sia con le autorit\u00e0 che le sartorie.\" \/>\n<meta property=\"og:url\" content=\"https:\/\/utexbel.com\/it\/producten\/utexbel-ed-appalti-pubblici\/\" \/>\n<meta property=\"og:site_name\" content=\"Utexbel\" \/>\n<meta property=\"article:modified_time\" content=\"2023-03-15T10:57:12+00:00\" \/>\n<meta property=\"og:image\" content=\"https:\/\/utexbel.com\/wp-content\/uploads\/2022\/11\/corporate-en-workwear-300x276.jpg\" \/>\n<meta name=\"twitter:card\" content=\"summary_large_image\" \/>\n<meta name=\"twitter:label1\" content=\"Tempo di lettura stimato\" \/>\n\t<meta name=\"twitter:data1\" content=\"1 minuto\" \/>\n<script type=\"application\/ld+json\" class=\"yoast-schema-graph\">{\"@context\":\"https:\/\/schema.org\",\"@graph\":[{\"@type\":\"WebPage\",\"@id\":\"https:\/\/utexbel.com\/it\/producten\/utexbel-ed-appalti-pubblici\/\",\"url\":\"https:\/\/utexbel.com\/it\/producten\/utexbel-ed-appalti-pubblici\/\",\"name\":\"Appalti pubblici - Utexbel\",\"isPartOf\":{\"@id\":\"https:\/\/utexbel.com\/#website\"},\"primaryImageOfPage\":{\"@id\":\"https:\/\/utexbel.com\/it\/producten\/utexbel-ed-appalti-pubblici\/#primaryimage\"},\"image\":{\"@id\":\"https:\/\/utexbel.com\/it\/producten\/utexbel-ed-appalti-pubblici\/#primaryimage\"},\"thumbnailUrl\":\"https:\/\/utexbel.com\/wp-content\/uploads\/2022\/11\/corporate-en-workwear-300x276.jpg\",\"datePublished\":\"2018-04-17T09:36:07+00:00\",\"dateModified\":\"2023-03-15T10:57:12+00:00\",\"description\":\"Gi\u00e0 da decenni, Utexbel \u00e8 stata specialista nel mercato degli appalti pubblici, collaborando sia con le autorit\u00e0 che le sartorie.\",\"breadcrumb\":{\"@id\":\"https:\/\/utexbel.com\/it\/producten\/utexbel-ed-appalti-pubblici\/#breadcrumb\"},\"inLanguage\":\"it-IT\",\"potentialAction\":[{\"@type\":\"ReadAction\",\"target\":[\"https:\/\/utexbel.com\/it\/producten\/utexbel-ed-appalti-pubblici\/\"]}]},{\"@type\":\"ImageObject\",\"inLanguage\":\"it-IT\",\"@id\":\"https:\/\/utexbel.com\/it\/producten\/utexbel-ed-appalti-pubblici\/#primaryimage\",\"url\":\"https:\/\/utexbel.com\/wp-content\/uploads\/2022\/11\/corporate-en-workwear-300x276.jpg\",\"contentUrl\":\"https:\/\/utexbel.com\/wp-content\/uploads\/2022\/11\/corporate-en-workwear-300x276.jpg\"},{\"@type\":\"BreadcrumbList\",\"@id\":\"https:\/\/utexbel.com\/it\/producten\/utexbel-ed-appalti-pubblici\/#breadcrumb\",\"itemListElement\":[{\"@type\":\"ListItem\",\"position\":1,\"name\":\"Home\",\"item\":\"https:\/\/utexbel.com\/it\/\"},{\"@type\":\"ListItem\",\"position\":2,\"name\":\"Prodotti\",\"item\":\"https:\/\/utexbel.com\/it\/#producten\"},{\"@type\":\"ListItem\",\"position\":3,\"name\":\"Appalti pubblici\"}]},{\"@type\":\"WebSite\",\"@id\":\"https:\/\/utexbel.com\/#website\",\"url\":\"https:\/\/utexbel.com\/\",\"name\":\"Utexbel\",\"description\":\"\",\"potentialAction\":[{\"@type\":\"SearchAction\",\"target\":{\"@type\":\"EntryPoint\",\"urlTemplate\":\"https:\/\/utexbel.com\/?s={search_term_string}\"},\"query-input\":{\"@type\":\"PropertyValueSpecification\",\"valueRequired\":true,\"valueName\":\"search_term_string\"}}],\"inLanguage\":\"it-IT\"}]}<\/script>\n<!-- \/ Yoast SEO plugin. -->","yoast_head_json":{"title":"Appalti pubblici - Utexbel","description":"Gi\u00e0 da decenni, Utexbel \u00e8 stata specialista nel mercato degli appalti pubblici, collaborando sia con le autorit\u00e0 che le sartorie.","robots":{"index":"index","follow":"follow","max-snippet":"max-snippet:-1","max-image-preview":"max-image-preview:large","max-video-preview":"max-video-preview:-1"},"canonical":"https:\/\/utexbel.com\/it\/producten\/utexbel-ed-appalti-pubblici\/","og_locale":"it_IT","og_type":"article","og_title":"Appalti pubblici - Utexbel","og_description":"Gi\u00e0 da decenni, Utexbel \u00e8 stata specialista nel mercato degli appalti pubblici, collaborando sia con le autorit\u00e0 che le sartorie.","og_url":"https:\/\/utexbel.com\/it\/producten\/utexbel-ed-appalti-pubblici\/","og_site_name":"Utexbel","article_modified_time":"2023-03-15T10:57:12+00:00","og_image":[{"url":"https:\/\/utexbel.com\/wp-content\/uploads\/2022\/11\/corporate-en-workwear-300x276.jpg","type":"","width":"","height":""}],"twitter_card":"summary_large_image","twitter_misc":{"Tempo di lettura stimato":"1 minuto"},"schema":{"@context":"https:\/\/schema.org","@graph":[{"@type":"WebPage","@id":"https:\/\/utexbel.com\/it\/producten\/utexbel-ed-appalti-pubblici\/","url":"https:\/\/utexbel.com\/it\/producten\/utexbel-ed-appalti-pubblici\/","name":"Appalti pubblici - Utexbel","isPartOf":{"@id":"https:\/\/utexbel.com\/#website"},"primaryImageOfPage":{"@id":"https:\/\/utexbel.com\/it\/producten\/utexbel-ed-appalti-pubblici\/#primaryimage"},"image":{"@id":"https:\/\/utexbel.com\/it\/producten\/utexbel-ed-appalti-pubblici\/#primaryimage"},"thumbnailUrl":"https:\/\/utexbel.com\/wp-content\/uploads\/2022\/11\/corporate-en-workwear-300x276.jpg","datePublished":"2018-04-17T09:36:07+00:00","dateModified":"2023-03-15T10:57:12+00:00","description":"Gi\u00e0 da decenni, Utexbel \u00e8 stata specialista nel mercato degli appalti pubblici, collaborando sia con le autorit\u00e0 che le sartorie.","breadcrumb":{"@id":"https:\/\/utexbel.com\/it\/producten\/utexbel-ed-appalti-pubblici\/#breadcrumb"},"inLanguage":"it-IT","potentialAction":[{"@type":"ReadAction","target":["https:\/\/utexbel.com\/it\/producten\/utexbel-ed-appalti-pubblici\/"]}]},{"@type":"ImageObject","inLanguage":"it-IT","@id":"https:\/\/utexbel.com\/it\/producten\/utexbel-ed-appalti-pubblici\/#primaryimage","url":"https:\/\/utexbel.com\/wp-content\/uploads\/2022\/11\/corporate-en-workwear-300x276.jpg","contentUrl":"https:\/\/utexbel.com\/wp-content\/uploads\/2022\/11\/corporate-en-workwear-300x276.jpg"},{"@type":"BreadcrumbList","@id":"https:\/\/utexbel.com\/it\/producten\/utexbel-ed-appalti-pubblici\/#breadcrumb","itemListElement":[{"@type":"ListItem","position":1,"name":"Home","item":"https:\/\/utexbel.com\/it\/"},{"@type":"ListItem","position":2,"name":"Prodotti","item":"https:\/\/utexbel.com\/it\/#producten"},{"@type":"ListItem","position":3,"name":"Appalti pubblici"}]},{"@type":"WebSite","@id":"https:\/\/utexbel.com\/#website","url":"https:\/\/utexbel.com\/","name":"Utexbel","description":"","potentialAction":[{"@type":"SearchAction","target":{"@type":"EntryPoint","urlTemplate":"https:\/\/utexbel.com\/?s={search_term_string}"},"query-input":{"@type":"PropertyValueSpecification","valueRequired":true,"valueName":"search_term_string"}}],"inLanguage":"it-IT"}]}},"_links":{"self":[{"href":"https:\/\/utexbel.com\/it\/wp-json\/wp\/v2\/pages\/1066"}],"collection":[{"href":"https:\/\/utexbel.com\/it\/wp-json\/wp\/v2\/pages"}],"about":[{"href":"https:\/\/utexbel.com\/it\/wp-json\/wp\/v2\/types\/page"}],"author":[{"embeddable":true,"href":"https:\/\/utexbel.com\/it\/wp-json\/wp\/v2\/users\/5"}],"replies":[{"embeddable":true,"href":"https:\/\/utexbel.com\/it\/wp-json\/wp\/v2\/comments?post=1066"}],"version-history":[{"count":9,"href":"https:\/\/utexbel.com\/it\/wp-json\/wp\/v2\/pages\/1066\/revisions"}],"predecessor-version":[{"id":6911,"href":"https:\/\/utexbel.com\/it\/wp-json\/wp\/v2\/pages\/1066\/revisions\/6911"}],"up":[{"embeddable":true,"href":"https:\/\/utexbel.com\/it\/wp-json\/wp\/v2\/pages\/1080"}],"wp:attachment":[{"href":"https:\/\/utexbel.com\/it\/wp-json\/wp\/v2\/media?parent=1066"}],"curies":[{"name":"wp","href":"https:\/\/api.w.org\/{rel}","templated":true}]}}