{"id":767,"date":"2018-04-17T11:23:13","date_gmt":"2018-04-17T07:41:01","guid":{"rendered":"https:\/\/utexbel.com\/over-utexbel\/weverij\/"},"modified":"2023-01-31T13:59:42","modified_gmt":"2023-01-31T13:59:42","slug":"weverij","status":"publish","type":"page","link":"https:\/\/utexbel.com\/fr\/over-utexbel\/weverij\/","title":{"rendered":"Tissages"},"content":{"rendered":"<p>Nos ateliers de tissage fonctionnent \u00e0 la fois avec des m\u00e9tiers \u00e0 lances et \u00e0 air qui allient flexibilit\u00e9 et efficacit\u00e9 optimale. Une toute nouvelle pr\u00e9paration de pointe garantit un temps de production plus court.<\/p>\n<p>Nous tissons aussi bien des doublures FR tr\u00e8s l\u00e9g\u00e8res, des poids chemise jusqu&rsquo;\u00e0 des tissus de tente lourds.<\/p>\n<p>&nbsp;<\/p>\n<p>&nbsp;<\/p>\n","protected":false},"excerpt":{"rendered":"<p>Nos ateliers de tissage fonctionnent \u00e0 la fois avec des m\u00e9tiers \u00e0 lances et \u00e0 air qui allient flexibilit\u00e9 et efficacit\u00e9 optimale. Une toute nouvelle pr\u00e9paration de pointe garantit un temps de production plus court. Nous tissons aussi bien des doublures FR tr\u00e8s l\u00e9g\u00e8res, des poids chemise jusqu&rsquo;\u00e0 des tissus de tente lourds. &nbsp; &nbsp;<\/p>\n","protected":false},"author":5,"featured_media":0,"parent":765,"menu_order":1,"comment_status":"closed","ping_status":"closed","template":"","meta":{"_acf_changed":false,"footnotes":""},"class_list":["post-767","page","type-page","status-publish","hentry"],"acf":[],"yoast_head":"<!-- This site is optimized with the Yoast SEO plugin v25.6 - https:\/\/yoast.com\/wordpress\/plugins\/seo\/ -->\n<title>Tissages - Utexbel<\/title>\n<meta name=\"robots\" content=\"index, follow, max-snippet:-1, max-image-preview:large, max-video-preview:-1\" \/>\n<link rel=\"canonical\" href=\"https:\/\/utexbel.com\/fr\/over-utexbel\/weverij\/\" \/>\n<meta property=\"og:locale\" content=\"fr_FR\" \/>\n<meta property=\"og:type\" content=\"article\" \/>\n<meta property=\"og:title\" content=\"Tissages - Utexbel\" \/>\n<meta property=\"og:description\" content=\"Nos ateliers de tissage fonctionnent \u00e0 la fois avec des m\u00e9tiers \u00e0 lances et \u00e0 air qui allient flexibilit\u00e9 et efficacit\u00e9 optimale. Une toute nouvelle pr\u00e9paration de pointe garantit un temps de production plus court. Nous tissons aussi bien des doublures FR tr\u00e8s l\u00e9g\u00e8res, des poids chemise jusqu&rsquo;\u00e0 des tissus de tente lourds. &nbsp; &nbsp;\" \/>\n<meta property=\"og:url\" content=\"https:\/\/utexbel.com\/fr\/over-utexbel\/weverij\/\" \/>\n<meta property=\"og:site_name\" content=\"Utexbel\" \/>\n<meta property=\"article:modified_time\" content=\"2023-01-31T13:59:42+00:00\" \/>\n<meta name=\"twitter:card\" content=\"summary_large_image\" \/>\n<meta name=\"twitter:label1\" content=\"Dur\u00e9e de lecture estim\u00e9e\" \/>\n\t<meta name=\"twitter:data1\" content=\"1 minute\" \/>\n<script type=\"application\/ld+json\" class=\"yoast-schema-graph\">{\"@context\":\"https:\/\/schema.org\",\"@graph\":[{\"@type\":\"WebPage\",\"@id\":\"https:\/\/utexbel.com\/fr\/over-utexbel\/weverij\/\",\"url\":\"https:\/\/utexbel.com\/fr\/over-utexbel\/weverij\/\",\"name\":\"Tissages - Utexbel\",\"isPartOf\":{\"@id\":\"https:\/\/utexbel.com\/#website\"},\"datePublished\":\"2018-04-17T07:41:01+00:00\",\"dateModified\":\"2023-01-31T13:59:42+00:00\",\"breadcrumb\":{\"@id\":\"https:\/\/utexbel.com\/fr\/over-utexbel\/weverij\/#breadcrumb\"},\"inLanguage\":\"fr-FR\",\"potentialAction\":[{\"@type\":\"ReadAction\",\"target\":[\"https:\/\/utexbel.com\/fr\/over-utexbel\/weverij\/\"]}]},{\"@type\":\"BreadcrumbList\",\"@id\":\"https:\/\/utexbel.com\/fr\/over-utexbel\/weverij\/#breadcrumb\",\"itemListElement\":[{\"@type\":\"ListItem\",\"position\":1,\"name\":\"Home\",\"item\":\"https:\/\/utexbel.com\/fr\/\"},{\"@type\":\"ListItem\",\"position\":2,\"name\":\"A propos de Utexbel\",\"item\":\"https:\/\/utexbel.com\/fr\/over-utexbel\/\"},{\"@type\":\"ListItem\",\"position\":3,\"name\":\"Tissages\"}]},{\"@type\":\"WebSite\",\"@id\":\"https:\/\/utexbel.com\/#website\",\"url\":\"https:\/\/utexbel.com\/\",\"name\":\"Utexbel\",\"description\":\"\",\"potentialAction\":[{\"@type\":\"SearchAction\",\"target\":{\"@type\":\"EntryPoint\",\"urlTemplate\":\"https:\/\/utexbel.com\/?s={search_term_string}\"},\"query-input\":{\"@type\":\"PropertyValueSpecification\",\"valueRequired\":true,\"valueName\":\"search_term_string\"}}],\"inLanguage\":\"fr-FR\"}]}<\/script>\n<!-- \/ Yoast SEO plugin. -->","yoast_head_json":{"title":"Tissages - Utexbel","robots":{"index":"index","follow":"follow","max-snippet":"max-snippet:-1","max-image-preview":"max-image-preview:large","max-video-preview":"max-video-preview:-1"},"canonical":"https:\/\/utexbel.com\/fr\/over-utexbel\/weverij\/","og_locale":"fr_FR","og_type":"article","og_title":"Tissages - Utexbel","og_description":"Nos ateliers de tissage fonctionnent \u00e0 la fois avec des m\u00e9tiers \u00e0 lances et \u00e0 air qui allient flexibilit\u00e9 et efficacit\u00e9 optimale. Une toute nouvelle pr\u00e9paration de pointe garantit un temps de production plus court. Nous tissons aussi bien des doublures FR tr\u00e8s l\u00e9g\u00e8res, des poids chemise jusqu&rsquo;\u00e0 des tissus de tente lourds. &nbsp; &nbsp;","og_url":"https:\/\/utexbel.com\/fr\/over-utexbel\/weverij\/","og_site_name":"Utexbel","article_modified_time":"2023-01-31T13:59:42+00:00","twitter_card":"summary_large_image","twitter_misc":{"Dur\u00e9e de lecture estim\u00e9e":"1 minute"},"schema":{"@context":"https:\/\/schema.org","@graph":[{"@type":"WebPage","@id":"https:\/\/utexbel.com\/fr\/over-utexbel\/weverij\/","url":"https:\/\/utexbel.com\/fr\/over-utexbel\/weverij\/","name":"Tissages - Utexbel","isPartOf":{"@id":"https:\/\/utexbel.com\/#website"},"datePublished":"2018-04-17T07:41:01+00:00","dateModified":"2023-01-31T13:59:42+00:00","breadcrumb":{"@id":"https:\/\/utexbel.com\/fr\/over-utexbel\/weverij\/#breadcrumb"},"inLanguage":"fr-FR","potentialAction":[{"@type":"ReadAction","target":["https:\/\/utexbel.com\/fr\/over-utexbel\/weverij\/"]}]},{"@type":"BreadcrumbList","@id":"https:\/\/utexbel.com\/fr\/over-utexbel\/weverij\/#breadcrumb","itemListElement":[{"@type":"ListItem","position":1,"name":"Home","item":"https:\/\/utexbel.com\/fr\/"},{"@type":"ListItem","position":2,"name":"A propos de Utexbel","item":"https:\/\/utexbel.com\/fr\/over-utexbel\/"},{"@type":"ListItem","position":3,"name":"Tissages"}]},{"@type":"WebSite","@id":"https:\/\/utexbel.com\/#website","url":"https:\/\/utexbel.com\/","name":"Utexbel","description":"","potentialAction":[{"@type":"SearchAction","target":{"@type":"EntryPoint","urlTemplate":"https:\/\/utexbel.com\/?s={search_term_string}"},"query-input":{"@type":"PropertyValueSpecification","valueRequired":true,"valueName":"search_term_string"}}],"inLanguage":"fr-FR"}]}},"_links":{"self":[{"href":"https:\/\/utexbel.com\/fr\/wp-json\/wp\/v2\/pages\/767"}],"collection":[{"href":"https:\/\/utexbel.com\/fr\/wp-json\/wp\/v2\/pages"}],"about":[{"href":"https:\/\/utexbel.com\/fr\/wp-json\/wp\/v2\/types\/page"}],"author":[{"embeddable":true,"href":"https:\/\/utexbel.com\/fr\/wp-json\/wp\/v2\/users\/5"}],"replies":[{"embeddable":true,"href":"https:\/\/utexbel.com\/fr\/wp-json\/wp\/v2\/comments?post=767"}],"version-history":[{"count":5,"href":"https:\/\/utexbel.com\/fr\/wp-json\/wp\/v2\/pages\/767\/revisions"}],"predecessor-version":[{"id":6259,"href":"https:\/\/utexbel.com\/fr\/wp-json\/wp\/v2\/pages\/767\/revisions\/6259"}],"up":[{"embeddable":true,"href":"https:\/\/utexbel.com\/fr\/wp-json\/wp\/v2\/pages\/765"}],"wp:attachment":[{"href":"https:\/\/utexbel.com\/fr\/wp-json\/wp\/v2\/media?parent=767"}],"curies":[{"name":"wp","href":"https:\/\/api.w.org\/{rel}","templated":true}]}}