{"id":1107,"date":"2018-04-17T07:41:01","date_gmt":"2018-04-17T07:41:01","guid":{"rendered":"https:\/\/utexbel.com\/over-utexbel\/weverij\/"},"modified":"2023-01-23T10:05:55","modified_gmt":"2023-01-23T10:05:55","slug":"webereien","status":"publish","type":"page","link":"https:\/\/utexbel.com\/de\/over-utexbel\/webereien\/","title":{"rendered":"Webereien"},"content":{"rendered":"<p>Unsere Webereien arbeiten sowohl mit Luft- als auch mit Greifermaschinen und garantieren optimale Flexibilit\u00e4t und Effizienz. Eine hochmoderne Vorbehandlung hilft, die Produktionskette so kurz wie m\u00f6glich zu halten.<\/p>\n<p>Wir weben sehr leichte feuerfeste Futterstoffe, aber auch Hemdenstoffe, Stoffe f\u00fcr Arbeits- oder Schutzbekleidung, hochwertige Freizeitbekleidung und schwere Zeltstoffe.<\/p>\n<p>&nbsp;<\/p>\n<p>&nbsp;<\/p>\n","protected":false},"excerpt":{"rendered":"<p>Unsere Webereien arbeiten sowohl mit Luft- als auch mit Greifermaschinen und garantieren optimale Flexibilit\u00e4t und Effizienz. Eine hochmoderne Vorbehandlung hilft, die Produktionskette so kurz wie m\u00f6glich zu halten. Wir weben sehr leichte feuerfeste Futterstoffe, aber auch Hemdenstoffe, Stoffe f\u00fcr Arbeits- oder Schutzbekleidung, hochwertige Freizeitbekleidung und schwere Zeltstoffe. &nbsp; &nbsp;<\/p>\n","protected":false},"author":5,"featured_media":0,"parent":1086,"menu_order":1,"comment_status":"closed","ping_status":"closed","template":"","meta":{"_acf_changed":false,"footnotes":""},"class_list":["post-1107","page","type-page","status-publish","hentry"],"acf":[],"yoast_head":"<!-- This site is optimized with the Yoast SEO plugin v25.6 - https:\/\/yoast.com\/wordpress\/plugins\/seo\/ -->\n<title>Webereien - Utexbel<\/title>\n<meta name=\"description\" content=\"Unsere Webereien arbeiten sowohl mit Luft- als auch mit Greifermaschinen und garantieren optimale Flexibilit\u00e4t und Effizienz.\" \/>\n<meta name=\"robots\" content=\"index, follow, max-snippet:-1, max-image-preview:large, max-video-preview:-1\" \/>\n<link rel=\"canonical\" href=\"https:\/\/utexbel.com\/de\/over-utexbel\/webereien\/\" \/>\n<meta property=\"og:locale\" content=\"de_DE\" \/>\n<meta property=\"og:type\" content=\"article\" \/>\n<meta property=\"og:title\" content=\"Webereien - Utexbel\" \/>\n<meta property=\"og:description\" content=\"Unsere Webereien arbeiten sowohl mit Luft- als auch mit Greifermaschinen und garantieren optimale Flexibilit\u00e4t und Effizienz.\" \/>\n<meta property=\"og:url\" content=\"https:\/\/utexbel.com\/de\/over-utexbel\/webereien\/\" \/>\n<meta property=\"og:site_name\" content=\"Utexbel\" \/>\n<meta property=\"article:modified_time\" content=\"2023-01-23T10:05:55+00:00\" \/>\n<meta name=\"twitter:card\" content=\"summary_large_image\" \/>\n<meta name=\"twitter:label1\" content=\"Gesch\u00e4tzte Lesezeit\" \/>\n\t<meta name=\"twitter:data1\" content=\"1\u00a0Minute\" \/>\n<script type=\"application\/ld+json\" class=\"yoast-schema-graph\">{\"@context\":\"https:\/\/schema.org\",\"@graph\":[{\"@type\":\"WebPage\",\"@id\":\"https:\/\/utexbel.com\/de\/over-utexbel\/webereien\/\",\"url\":\"https:\/\/utexbel.com\/de\/over-utexbel\/webereien\/\",\"name\":\"Webereien - Utexbel\",\"isPartOf\":{\"@id\":\"https:\/\/utexbel.com\/#website\"},\"datePublished\":\"2018-04-17T07:41:01+00:00\",\"dateModified\":\"2023-01-23T10:05:55+00:00\",\"description\":\"Unsere Webereien arbeiten sowohl mit Luft- als auch mit Greifermaschinen und garantieren optimale Flexibilit\u00e4t und Effizienz.\",\"breadcrumb\":{\"@id\":\"https:\/\/utexbel.com\/de\/over-utexbel\/webereien\/#breadcrumb\"},\"inLanguage\":\"de\",\"potentialAction\":[{\"@type\":\"ReadAction\",\"target\":[\"https:\/\/utexbel.com\/de\/over-utexbel\/webereien\/\"]}]},{\"@type\":\"BreadcrumbList\",\"@id\":\"https:\/\/utexbel.com\/de\/over-utexbel\/webereien\/#breadcrumb\",\"itemListElement\":[{\"@type\":\"ListItem\",\"position\":1,\"name\":\"Home\",\"item\":\"https:\/\/utexbel.com\/de\/\"},{\"@type\":\"ListItem\",\"position\":2,\"name\":\"\u00dcber Utexbel\",\"item\":\"https:\/\/utexbel.com\/de\/over-utexbel\/\"},{\"@type\":\"ListItem\",\"position\":3,\"name\":\"Webereien\"}]},{\"@type\":\"WebSite\",\"@id\":\"https:\/\/utexbel.com\/#website\",\"url\":\"https:\/\/utexbel.com\/\",\"name\":\"Utexbel\",\"description\":\"\",\"potentialAction\":[{\"@type\":\"SearchAction\",\"target\":{\"@type\":\"EntryPoint\",\"urlTemplate\":\"https:\/\/utexbel.com\/?s={search_term_string}\"},\"query-input\":{\"@type\":\"PropertyValueSpecification\",\"valueRequired\":true,\"valueName\":\"search_term_string\"}}],\"inLanguage\":\"de\"}]}<\/script>\n<!-- \/ Yoast SEO plugin. -->","yoast_head_json":{"title":"Webereien - Utexbel","description":"Unsere Webereien arbeiten sowohl mit Luft- als auch mit Greifermaschinen und garantieren optimale Flexibilit\u00e4t und Effizienz.","robots":{"index":"index","follow":"follow","max-snippet":"max-snippet:-1","max-image-preview":"max-image-preview:large","max-video-preview":"max-video-preview:-1"},"canonical":"https:\/\/utexbel.com\/de\/over-utexbel\/webereien\/","og_locale":"de_DE","og_type":"article","og_title":"Webereien - Utexbel","og_description":"Unsere Webereien arbeiten sowohl mit Luft- als auch mit Greifermaschinen und garantieren optimale Flexibilit\u00e4t und Effizienz.","og_url":"https:\/\/utexbel.com\/de\/over-utexbel\/webereien\/","og_site_name":"Utexbel","article_modified_time":"2023-01-23T10:05:55+00:00","twitter_card":"summary_large_image","twitter_misc":{"Gesch\u00e4tzte Lesezeit":"1\u00a0Minute"},"schema":{"@context":"https:\/\/schema.org","@graph":[{"@type":"WebPage","@id":"https:\/\/utexbel.com\/de\/over-utexbel\/webereien\/","url":"https:\/\/utexbel.com\/de\/over-utexbel\/webereien\/","name":"Webereien - Utexbel","isPartOf":{"@id":"https:\/\/utexbel.com\/#website"},"datePublished":"2018-04-17T07:41:01+00:00","dateModified":"2023-01-23T10:05:55+00:00","description":"Unsere Webereien arbeiten sowohl mit Luft- als auch mit Greifermaschinen und garantieren optimale Flexibilit\u00e4t und Effizienz.","breadcrumb":{"@id":"https:\/\/utexbel.com\/de\/over-utexbel\/webereien\/#breadcrumb"},"inLanguage":"de","potentialAction":[{"@type":"ReadAction","target":["https:\/\/utexbel.com\/de\/over-utexbel\/webereien\/"]}]},{"@type":"BreadcrumbList","@id":"https:\/\/utexbel.com\/de\/over-utexbel\/webereien\/#breadcrumb","itemListElement":[{"@type":"ListItem","position":1,"name":"Home","item":"https:\/\/utexbel.com\/de\/"},{"@type":"ListItem","position":2,"name":"\u00dcber Utexbel","item":"https:\/\/utexbel.com\/de\/over-utexbel\/"},{"@type":"ListItem","position":3,"name":"Webereien"}]},{"@type":"WebSite","@id":"https:\/\/utexbel.com\/#website","url":"https:\/\/utexbel.com\/","name":"Utexbel","description":"","potentialAction":[{"@type":"SearchAction","target":{"@type":"EntryPoint","urlTemplate":"https:\/\/utexbel.com\/?s={search_term_string}"},"query-input":{"@type":"PropertyValueSpecification","valueRequired":true,"valueName":"search_term_string"}}],"inLanguage":"de"}]}},"_links":{"self":[{"href":"https:\/\/utexbel.com\/de\/wp-json\/wp\/v2\/pages\/1107"}],"collection":[{"href":"https:\/\/utexbel.com\/de\/wp-json\/wp\/v2\/pages"}],"about":[{"href":"https:\/\/utexbel.com\/de\/wp-json\/wp\/v2\/types\/page"}],"author":[{"embeddable":true,"href":"https:\/\/utexbel.com\/de\/wp-json\/wp\/v2\/users\/5"}],"replies":[{"embeddable":true,"href":"https:\/\/utexbel.com\/de\/wp-json\/wp\/v2\/comments?post=1107"}],"version-history":[{"count":4,"href":"https:\/\/utexbel.com\/de\/wp-json\/wp\/v2\/pages\/1107\/revisions"}],"predecessor-version":[{"id":6096,"href":"https:\/\/utexbel.com\/de\/wp-json\/wp\/v2\/pages\/1107\/revisions\/6096"}],"up":[{"embeddable":true,"href":"https:\/\/utexbel.com\/de\/wp-json\/wp\/v2\/pages\/1086"}],"wp:attachment":[{"href":"https:\/\/utexbel.com\/de\/wp-json\/wp\/v2\/media?parent=1107"}],"curies":[{"name":"wp","href":"https:\/\/api.w.org\/{rel}","templated":true}]}}