{"id":1065,"date":"2018-04-17T09:36:07","date_gmt":"2018-04-17T09:36:07","guid":{"rendered":"https:\/\/utexbel.com\/professionele-en-beschermende-kleding\/"},"modified":"2023-03-15T10:58:50","modified_gmt":"2023-03-15T10:58:50","slug":"utexbel-und-oeffentliche-ausschreibungen","status":"publish","type":"page","link":"https:\/\/utexbel.com\/de\/producten\/utexbel-und-oeffentliche-ausschreibungen\/","title":{"rendered":"\u00d6ffentliche Ausschreibungen"},"content":{"rendered":"<div class=\"mceTemp\">\n<p><img loading=\"lazy\" decoding=\"async\" class=\"size-medium wp-image-5078 aligncenter\" src=\"https:\/\/utexbel.com\/wp-content\/uploads\/2022\/11\/corporate-en-workwear-300x276.jpg\" alt=\"\" width=\"300\" height=\"276\" srcset=\"https:\/\/utexbel.com\/wp-content\/uploads\/2022\/11\/corporate-en-workwear-300x276.jpg 300w, https:\/\/utexbel.com\/wp-content\/uploads\/2022\/11\/corporate-en-workwear-768x708.jpg 768w, https:\/\/utexbel.com\/wp-content\/uploads\/2022\/11\/corporate-en-workwear.jpg 800w\" sizes=\"(max-width: 300px) 100vw, 300px\" \/><\/p>\n<\/div>\n<p>Utexbel ist ein Spezialist f\u00fcr den europ\u00e4ischen \u00f6ffentlichen Beschaffungsmarkt. Wir arbeiten sowohl mit den Auftraggebern als auch mit den Herstellern zusammen.<\/p>\n<p>Anwendungsbereiche k\u00f6nnen sein:<\/p>\n<ul>\n<li>Verteidigung:<br \/>\nCamouflage-Stoffe mit hohen Spezifikationen bez\u00fcglich nIR-Erkennung, Flammschutz, Antistatik, schnell trocknend, bequem, dehnbar, etc.<br \/>\nWir beliefern fast jede europ\u00e4ische Armee.<br \/>\nLanglebiger M\u00fccken- und Zeckenschutz bei Bedarf.<\/li>\n<li>Polizeidienste:<br \/>\nBequem, extrem farbecht, stark und sch\u00f6n, oft auch elastisch.<br \/>\nBequeme flammfeste Stoffe f\u00fcr ME-Einheiten (Molotow-Beweis).<br \/>\n<img loading=\"lazy\" decoding=\"async\" class=\"size-medium wp-image-6903 aligncenter\" src=\"https:\/\/utexbel.com\/wp-content\/uploads\/2023\/03\/AdobeStock_327280032-German-Army-300x200.jpeg\" alt=\"\" width=\"300\" height=\"200\" srcset=\"https:\/\/utexbel.com\/wp-content\/uploads\/2023\/03\/AdobeStock_327280032-German-Army-300x200.jpeg 300w, https:\/\/utexbel.com\/wp-content\/uploads\/2023\/03\/AdobeStock_327280032-German-Army-1024x683.jpeg 1024w, https:\/\/utexbel.com\/wp-content\/uploads\/2023\/03\/AdobeStock_327280032-German-Army-768x512.jpeg 768w, https:\/\/utexbel.com\/wp-content\/uploads\/2023\/03\/AdobeStock_327280032-German-Army-1536x1024.jpeg 1536w, https:\/\/utexbel.com\/wp-content\/uploads\/2023\/03\/AdobeStock_327280032-German-Army-2048x1365.jpeg 2048w, https:\/\/utexbel.com\/wp-content\/uploads\/2023\/03\/AdobeStock_327280032-German-Army-600x400.jpeg 600w\" sizes=\"(max-width: 300px) 100vw, 300px\" \/><\/li>\n<li>Post, Zoll, Justiz, \u00f6ffentlicher Verkehr, Gro\u00dfe Industriekonzerne.<\/li>\n<\/ul>\n","protected":false},"excerpt":{"rendered":"<p>Utexbel ist ein Spezialist f\u00fcr den europ\u00e4ischen \u00f6ffentlichen Beschaffungsmarkt. Wir arbeiten sowohl mit den Auftraggebern als auch mit den Herstellern zusammen. Anwendungsbereiche k\u00f6nnen sein: Verteidigung: Camouflage-Stoffe mit hohen Spezifikationen bez\u00fcglich nIR-Erkennung, Flammschutz, Antistatik, schnell trocknend, bequem, dehnbar, etc. Wir beliefern fast jede europ\u00e4ische Armee. Langlebiger M\u00fccken- und Zeckenschutz bei Bedarf. Polizeidienste: Bequem, extrem farbecht, stark [&hellip;]<\/p>\n","protected":false},"author":5,"featured_media":0,"parent":1079,"menu_order":6,"comment_status":"closed","ping_status":"closed","template":"","meta":{"_acf_changed":false,"footnotes":""},"class_list":["post-1065","page","type-page","status-publish","hentry"],"acf":[],"yoast_head":"<!-- This site is optimized with the Yoast SEO plugin v25.6 - https:\/\/yoast.com\/wordpress\/plugins\/seo\/ -->\n<title>\u00d6ffentliche Ausschreibungen - Utexbel<\/title>\n<meta name=\"description\" content=\"Utexbel ist ein Spezialist f\u00fcr den europ\u00e4ischen \u00f6ffentlichen Beschaffungsmarkt. Wir arbeiten mit den Auftraggebern zusammen.\" \/>\n<meta name=\"robots\" content=\"index, follow, max-snippet:-1, max-image-preview:large, max-video-preview:-1\" \/>\n<link rel=\"canonical\" href=\"https:\/\/utexbel.com\/de\/producten\/utexbel-und-oeffentliche-ausschreibungen\/\" \/>\n<meta property=\"og:locale\" content=\"de_DE\" \/>\n<meta property=\"og:type\" content=\"article\" \/>\n<meta property=\"og:title\" content=\"\u00d6ffentliche Ausschreibungen - Utexbel\" \/>\n<meta property=\"og:description\" content=\"Utexbel ist ein Spezialist f\u00fcr den europ\u00e4ischen \u00f6ffentlichen Beschaffungsmarkt. Wir arbeiten mit den Auftraggebern zusammen.\" \/>\n<meta property=\"og:url\" content=\"https:\/\/utexbel.com\/de\/producten\/utexbel-und-oeffentliche-ausschreibungen\/\" \/>\n<meta property=\"og:site_name\" content=\"Utexbel\" \/>\n<meta property=\"article:modified_time\" content=\"2023-03-15T10:58:50+00:00\" \/>\n<meta property=\"og:image\" content=\"https:\/\/utexbel.com\/wp-content\/uploads\/2022\/11\/corporate-en-workwear-300x276.jpg\" \/>\n<meta name=\"twitter:card\" content=\"summary_large_image\" \/>\n<meta name=\"twitter:label1\" content=\"Gesch\u00e4tzte Lesezeit\" \/>\n\t<meta name=\"twitter:data1\" content=\"1\u00a0Minute\" \/>\n<script type=\"application\/ld+json\" class=\"yoast-schema-graph\">{\"@context\":\"https:\/\/schema.org\",\"@graph\":[{\"@type\":\"WebPage\",\"@id\":\"https:\/\/utexbel.com\/de\/producten\/utexbel-und-oeffentliche-ausschreibungen\/\",\"url\":\"https:\/\/utexbel.com\/de\/producten\/utexbel-und-oeffentliche-ausschreibungen\/\",\"name\":\"\u00d6ffentliche Ausschreibungen - Utexbel\",\"isPartOf\":{\"@id\":\"https:\/\/utexbel.com\/#website\"},\"primaryImageOfPage\":{\"@id\":\"https:\/\/utexbel.com\/de\/producten\/utexbel-und-oeffentliche-ausschreibungen\/#primaryimage\"},\"image\":{\"@id\":\"https:\/\/utexbel.com\/de\/producten\/utexbel-und-oeffentliche-ausschreibungen\/#primaryimage\"},\"thumbnailUrl\":\"https:\/\/utexbel.com\/wp-content\/uploads\/2022\/11\/corporate-en-workwear-300x276.jpg\",\"datePublished\":\"2018-04-17T09:36:07+00:00\",\"dateModified\":\"2023-03-15T10:58:50+00:00\",\"description\":\"Utexbel ist ein Spezialist f\u00fcr den europ\u00e4ischen \u00f6ffentlichen Beschaffungsmarkt. Wir arbeiten mit den Auftraggebern zusammen.\",\"breadcrumb\":{\"@id\":\"https:\/\/utexbel.com\/de\/producten\/utexbel-und-oeffentliche-ausschreibungen\/#breadcrumb\"},\"inLanguage\":\"de\",\"potentialAction\":[{\"@type\":\"ReadAction\",\"target\":[\"https:\/\/utexbel.com\/de\/producten\/utexbel-und-oeffentliche-ausschreibungen\/\"]}]},{\"@type\":\"ImageObject\",\"inLanguage\":\"de\",\"@id\":\"https:\/\/utexbel.com\/de\/producten\/utexbel-und-oeffentliche-ausschreibungen\/#primaryimage\",\"url\":\"https:\/\/utexbel.com\/wp-content\/uploads\/2022\/11\/corporate-en-workwear-300x276.jpg\",\"contentUrl\":\"https:\/\/utexbel.com\/wp-content\/uploads\/2022\/11\/corporate-en-workwear-300x276.jpg\"},{\"@type\":\"BreadcrumbList\",\"@id\":\"https:\/\/utexbel.com\/de\/producten\/utexbel-und-oeffentliche-ausschreibungen\/#breadcrumb\",\"itemListElement\":[{\"@type\":\"ListItem\",\"position\":1,\"name\":\"Home\",\"item\":\"https:\/\/utexbel.com\/de\/\"},{\"@type\":\"ListItem\",\"position\":2,\"name\":\"Produkte\",\"item\":\"https:\/\/utexbel.com\/de\/#producten\"},{\"@type\":\"ListItem\",\"position\":3,\"name\":\"\u00d6ffentliche Ausschreibungen\"}]},{\"@type\":\"WebSite\",\"@id\":\"https:\/\/utexbel.com\/#website\",\"url\":\"https:\/\/utexbel.com\/\",\"name\":\"Utexbel\",\"description\":\"\",\"potentialAction\":[{\"@type\":\"SearchAction\",\"target\":{\"@type\":\"EntryPoint\",\"urlTemplate\":\"https:\/\/utexbel.com\/?s={search_term_string}\"},\"query-input\":{\"@type\":\"PropertyValueSpecification\",\"valueRequired\":true,\"valueName\":\"search_term_string\"}}],\"inLanguage\":\"de\"}]}<\/script>\n<!-- \/ Yoast SEO plugin. -->","yoast_head_json":{"title":"\u00d6ffentliche Ausschreibungen - Utexbel","description":"Utexbel ist ein Spezialist f\u00fcr den europ\u00e4ischen \u00f6ffentlichen Beschaffungsmarkt. Wir arbeiten mit den Auftraggebern zusammen.","robots":{"index":"index","follow":"follow","max-snippet":"max-snippet:-1","max-image-preview":"max-image-preview:large","max-video-preview":"max-video-preview:-1"},"canonical":"https:\/\/utexbel.com\/de\/producten\/utexbel-und-oeffentliche-ausschreibungen\/","og_locale":"de_DE","og_type":"article","og_title":"\u00d6ffentliche Ausschreibungen - Utexbel","og_description":"Utexbel ist ein Spezialist f\u00fcr den europ\u00e4ischen \u00f6ffentlichen Beschaffungsmarkt. Wir arbeiten mit den Auftraggebern zusammen.","og_url":"https:\/\/utexbel.com\/de\/producten\/utexbel-und-oeffentliche-ausschreibungen\/","og_site_name":"Utexbel","article_modified_time":"2023-03-15T10:58:50+00:00","og_image":[{"url":"https:\/\/utexbel.com\/wp-content\/uploads\/2022\/11\/corporate-en-workwear-300x276.jpg","type":"","width":"","height":""}],"twitter_card":"summary_large_image","twitter_misc":{"Gesch\u00e4tzte Lesezeit":"1\u00a0Minute"},"schema":{"@context":"https:\/\/schema.org","@graph":[{"@type":"WebPage","@id":"https:\/\/utexbel.com\/de\/producten\/utexbel-und-oeffentliche-ausschreibungen\/","url":"https:\/\/utexbel.com\/de\/producten\/utexbel-und-oeffentliche-ausschreibungen\/","name":"\u00d6ffentliche Ausschreibungen - Utexbel","isPartOf":{"@id":"https:\/\/utexbel.com\/#website"},"primaryImageOfPage":{"@id":"https:\/\/utexbel.com\/de\/producten\/utexbel-und-oeffentliche-ausschreibungen\/#primaryimage"},"image":{"@id":"https:\/\/utexbel.com\/de\/producten\/utexbel-und-oeffentliche-ausschreibungen\/#primaryimage"},"thumbnailUrl":"https:\/\/utexbel.com\/wp-content\/uploads\/2022\/11\/corporate-en-workwear-300x276.jpg","datePublished":"2018-04-17T09:36:07+00:00","dateModified":"2023-03-15T10:58:50+00:00","description":"Utexbel ist ein Spezialist f\u00fcr den europ\u00e4ischen \u00f6ffentlichen Beschaffungsmarkt. Wir arbeiten mit den Auftraggebern zusammen.","breadcrumb":{"@id":"https:\/\/utexbel.com\/de\/producten\/utexbel-und-oeffentliche-ausschreibungen\/#breadcrumb"},"inLanguage":"de","potentialAction":[{"@type":"ReadAction","target":["https:\/\/utexbel.com\/de\/producten\/utexbel-und-oeffentliche-ausschreibungen\/"]}]},{"@type":"ImageObject","inLanguage":"de","@id":"https:\/\/utexbel.com\/de\/producten\/utexbel-und-oeffentliche-ausschreibungen\/#primaryimage","url":"https:\/\/utexbel.com\/wp-content\/uploads\/2022\/11\/corporate-en-workwear-300x276.jpg","contentUrl":"https:\/\/utexbel.com\/wp-content\/uploads\/2022\/11\/corporate-en-workwear-300x276.jpg"},{"@type":"BreadcrumbList","@id":"https:\/\/utexbel.com\/de\/producten\/utexbel-und-oeffentliche-ausschreibungen\/#breadcrumb","itemListElement":[{"@type":"ListItem","position":1,"name":"Home","item":"https:\/\/utexbel.com\/de\/"},{"@type":"ListItem","position":2,"name":"Produkte","item":"https:\/\/utexbel.com\/de\/#producten"},{"@type":"ListItem","position":3,"name":"\u00d6ffentliche Ausschreibungen"}]},{"@type":"WebSite","@id":"https:\/\/utexbel.com\/#website","url":"https:\/\/utexbel.com\/","name":"Utexbel","description":"","potentialAction":[{"@type":"SearchAction","target":{"@type":"EntryPoint","urlTemplate":"https:\/\/utexbel.com\/?s={search_term_string}"},"query-input":{"@type":"PropertyValueSpecification","valueRequired":true,"valueName":"search_term_string"}}],"inLanguage":"de"}]}},"_links":{"self":[{"href":"https:\/\/utexbel.com\/de\/wp-json\/wp\/v2\/pages\/1065"}],"collection":[{"href":"https:\/\/utexbel.com\/de\/wp-json\/wp\/v2\/pages"}],"about":[{"href":"https:\/\/utexbel.com\/de\/wp-json\/wp\/v2\/types\/page"}],"author":[{"embeddable":true,"href":"https:\/\/utexbel.com\/de\/wp-json\/wp\/v2\/users\/5"}],"replies":[{"embeddable":true,"href":"https:\/\/utexbel.com\/de\/wp-json\/wp\/v2\/comments?post=1065"}],"version-history":[{"count":10,"href":"https:\/\/utexbel.com\/de\/wp-json\/wp\/v2\/pages\/1065\/revisions"}],"predecessor-version":[{"id":6913,"href":"https:\/\/utexbel.com\/de\/wp-json\/wp\/v2\/pages\/1065\/revisions\/6913"}],"up":[{"embeddable":true,"href":"https:\/\/utexbel.com\/de\/wp-json\/wp\/v2\/pages\/1079"}],"wp:attachment":[{"href":"https:\/\/utexbel.com\/de\/wp-json\/wp\/v2\/media?parent=1065"}],"curies":[{"name":"wp","href":"https:\/\/api.w.org\/{rel}","templated":true}]}}